{"id":935,"date":"2021-03-01T12:28:53","date_gmt":"2021-03-01T12:28:53","guid":{"rendered":"https:\/\/www.objectifasbl.be\/med\/?page_id=935"},"modified":"2021-12-08T14:49:45","modified_gmt":"2021-12-08T14:49:45","slug":"etre-volontaire-chez-nous","status":"publish","type":"page","link":"https:\/\/www.objectifasbl.be\/med\/etre-volontaire-chez-nous\/","title":{"rendered":"\u00catre volontaire chez nous"},"content":{"rendered":"\n<h3 class=\"wp-block-heading\">Le travail des volontaires, base du soutien \u00e0 l\u2019acquisition de la nationalit\u00e9<\/h3>\n\n\n\n<h5 class=\"wp-block-heading\">Une m\u00e9thode unique. Vous pouvez postuler via l&rsquo;adresse \u00e9lectronique: <strong>jobs@objectifasbl.be\u00a0<\/strong><\/h5>\n\n\n\n<p>Nos volontaires accomplissent une part importante du travail de premi\u00e8re ligne lors des permanences. Ils r\u00e9pondent \u00e0 la majorit\u00e9 des demandes d\u2019informations, donnent des conseils, pour autant que ceux-ci entrent dans leurs comp\u00e9tences, aident \u00e0 remplir le formulaire de demande pour la naturalisation\u2026 Ces volontaires, en grande majorit\u00e9, ne sont ni juristes, ni assistants sociaux. Certains d\u2019entre eux sont des personnes qui ne sont pas n\u00e9es Belges et qui s\u2019inscrivent comme volontaires apr\u00e8s avoir b\u00e9n\u00e9fici\u00e9 de l\u2019accompagnement d\u2019Objectif lorsqu\u2019ils ont voulu devenir Belge.<\/p>\n\n\n\n<p>Le ou la volontaire re\u00e7oit une formation sur le Code de la Nationalit\u00e9 Belge (CNB), les diverses proc\u00e9dures et leur d\u00e9roulement, la mani\u00e8re dont les demandes sont trait\u00e9es et par qui. Apr\u00e8s cette formation, il ou elle re\u00e7oit une farde reprenant toutes les informations n\u00e9cessaires, un guide pratique et diverses brochures.<\/p>\n\n\n\n<p>Aux permanences m\u00eames, une farde d\u2019informations plus approfondies est \u00e0 sa disposition, de m\u00eame que les nouvelles \u00e9volutions, quelques exemples et les possibilit\u00e9s d\u2019orientation.<\/p>\n\n\n\n<p>Les nouveaux volontaires commencent d\u2019abord par un stage d\u2019observation en compagnie de volontaires plus exp\u00e9riment\u00e9s avant de se lancer seuls dans l\u2019accueil et l\u2019accompagnement du public qui vient aux permanences. Lors des r\u00e9unions des volontaires mensuelles, ils discutent des questions et probl\u00e8mes les plus courants et de l\u2019\u00e9volution dans la pratique de l\u2019acquisition de la nationalit\u00e9.<\/p>\n\n\n<div class=\"anchor\" id=volontariat-insciption><\/div>","protected":false},"excerpt":{"rendered":"<p>Le travail des volontaires, base du soutien \u00e0 l\u2019acquisition de la nationalit\u00e9 Une m\u00e9thode unique. Vous pouvez postuler via l&rsquo;adresse \u00e9lectronique: jobs@objectifasbl.be\u00a0 Nos volontaires accomplissent une part importante du travail de premi\u00e8re ligne lors des permanences. Ils r\u00e9pondent \u00e0 la majorit\u00e9 des demandes d\u2019informations, donnent des conseils, pour autant que ceux-ci entrent dans leurs comp\u00e9tences, [&hellip;]<\/p>\n","protected":false},"author":2,"featured_media":0,"parent":0,"menu_order":0,"comment_status":"closed","ping_status":"closed","template":"page-templates\/volunteer.php","meta":{"content-type":"","inline_featured_image":false,"footnotes":""},"acf":[],"yoast_head":"<!-- This site is optimized with the Yoast SEO plugin v21.5 - https:\/\/yoast.com\/wordpress\/plugins\/seo\/ -->\n<title>\u00catre volontaire chez nous - Objectif<\/title>\n<meta name=\"description\" content=\"Une m\u00e9thode unique. Vous pouvez postuler via l&#039;adresse \u00e9lectronique: jobs@objectifasbl.be . Nos volontaires accomplissent une part importante du travail de premi\u00e8re ligne lors des permanences. Ils r\u00e9pondent \u00e0 la majorit\u00e9 des demandes d\u2019informations, donnent des conseils,\" \/>\n<meta name=\"robots\" content=\"index, follow, max-snippet:-1, max-image-preview:large, max-video-preview:-1\" \/>\n<link rel=\"canonical\" href=\"https:\/\/www.objectifasbl.be\/med\/etre-volontaire-chez-nous\/\" \/>\n<meta property=\"og:locale\" content=\"fr_FR\" \/>\n<meta property=\"og:type\" content=\"article\" \/>\n<meta property=\"og:title\" content=\"\u00catre volontaire chez nous - Objectif\" \/>\n<meta property=\"og:description\" content=\"Une m\u00e9thode unique. Vous pouvez postuler via l&#039;adresse \u00e9lectronique: jobs@objectifasbl.be . Nos volontaires accomplissent une part importante du travail de premi\u00e8re ligne lors des permanences. Ils r\u00e9pondent \u00e0 la majorit\u00e9 des demandes d\u2019informations, donnent des conseils,\" \/>\n<meta property=\"og:url\" content=\"https:\/\/www.objectifasbl.be\/med\/etre-volontaire-chez-nous\/\" \/>\n<meta property=\"og:site_name\" content=\"Objectif\" \/>\n<meta property=\"article:modified_time\" content=\"2021-12-08T14:49:45+00:00\" \/>\n<meta name=\"twitter:card\" content=\"summary_large_image\" \/>\n<meta name=\"twitter:label1\" content=\"Dur\u00e9e de lecture est.\" \/>\n\t<meta name=\"twitter:data1\" content=\"2 minutes\" \/>\n<script type=\"application\/ld+json\" class=\"yoast-schema-graph\">{\"@context\":\"https:\/\/schema.org\",\"@graph\":[{\"@type\":\"WebPage\",\"@id\":\"https:\/\/www.objectifasbl.be\/med\/etre-volontaire-chez-nous\/\",\"url\":\"https:\/\/www.objectifasbl.be\/med\/etre-volontaire-chez-nous\/\",\"name\":\"\u00catre volontaire chez nous - Objectif\",\"isPartOf\":{\"@id\":\"https:\/\/www.objectifasbl.be\/med\/#website\"},\"datePublished\":\"2021-03-01T12:28:53+00:00\",\"dateModified\":\"2021-12-08T14:49:45+00:00\",\"description\":\"Une m\u00e9thode unique. Vous pouvez postuler via l'adresse \u00e9lectronique: jobs@objectifasbl.be . Nos volontaires accomplissent une part importante du travail de premi\u00e8re ligne lors des permanences. Ils r\u00e9pondent \u00e0 la majorit\u00e9 des demandes d\u2019informations, donnent des conseils,\",\"breadcrumb\":{\"@id\":\"https:\/\/www.objectifasbl.be\/med\/etre-volontaire-chez-nous\/#breadcrumb\"},\"inLanguage\":\"fr-BE\",\"potentialAction\":[{\"@type\":\"ReadAction\",\"target\":[\"https:\/\/www.objectifasbl.be\/med\/etre-volontaire-chez-nous\/\"]}]},{\"@type\":\"BreadcrumbList\",\"@id\":\"https:\/\/www.objectifasbl.be\/med\/etre-volontaire-chez-nous\/#breadcrumb\",\"itemListElement\":[{\"@type\":\"ListItem\",\"position\":1,\"name\":\"Accueil\",\"item\":\"https:\/\/www.objectifasbl.be\/med\/\"},{\"@type\":\"ListItem\",\"position\":2,\"name\":\"\u00catre volontaire chez nous\"}]},{\"@type\":\"WebSite\",\"@id\":\"https:\/\/www.objectifasbl.be\/med\/#website\",\"url\":\"https:\/\/www.objectifasbl.be\/med\/\",\"name\":\"Objectif\",\"description\":\"Beweging voor gelijke rechten\",\"potentialAction\":[{\"@type\":\"SearchAction\",\"target\":{\"@type\":\"EntryPoint\",\"urlTemplate\":\"https:\/\/www.objectifasbl.be\/med\/?s={search_term_string}\"},\"query-input\":\"required name=search_term_string\"}],\"inLanguage\":\"fr-BE\"}]}<\/script>\n<!-- \/ Yoast SEO plugin. -->","yoast_head_json":{"title":"\u00catre volontaire chez nous - Objectif","description":"Une m\u00e9thode unique. Vous pouvez postuler via l'adresse \u00e9lectronique: jobs@objectifasbl.be . Nos volontaires accomplissent une part importante du travail de premi\u00e8re ligne lors des permanences. Ils r\u00e9pondent \u00e0 la majorit\u00e9 des demandes d\u2019informations, donnent des conseils,","robots":{"index":"index","follow":"follow","max-snippet":"max-snippet:-1","max-image-preview":"max-image-preview:large","max-video-preview":"max-video-preview:-1"},"canonical":"https:\/\/www.objectifasbl.be\/med\/etre-volontaire-chez-nous\/","og_locale":"fr_FR","og_type":"article","og_title":"\u00catre volontaire chez nous - Objectif","og_description":"Une m\u00e9thode unique. Vous pouvez postuler via l'adresse \u00e9lectronique: jobs@objectifasbl.be . Nos volontaires accomplissent une part importante du travail de premi\u00e8re ligne lors des permanences. Ils r\u00e9pondent \u00e0 la majorit\u00e9 des demandes d\u2019informations, donnent des conseils,","og_url":"https:\/\/www.objectifasbl.be\/med\/etre-volontaire-chez-nous\/","og_site_name":"Objectif","article_modified_time":"2021-12-08T14:49:45+00:00","twitter_card":"summary_large_image","twitter_misc":{"Dur\u00e9e de lecture est.":"2 minutes"},"schema":{"@context":"https:\/\/schema.org","@graph":[{"@type":"WebPage","@id":"https:\/\/www.objectifasbl.be\/med\/etre-volontaire-chez-nous\/","url":"https:\/\/www.objectifasbl.be\/med\/etre-volontaire-chez-nous\/","name":"\u00catre volontaire chez nous - Objectif","isPartOf":{"@id":"https:\/\/www.objectifasbl.be\/med\/#website"},"datePublished":"2021-03-01T12:28:53+00:00","dateModified":"2021-12-08T14:49:45+00:00","description":"Une m\u00e9thode unique. Vous pouvez postuler via l'adresse \u00e9lectronique: jobs@objectifasbl.be . Nos volontaires accomplissent une part importante du travail de premi\u00e8re ligne lors des permanences. Ils r\u00e9pondent \u00e0 la majorit\u00e9 des demandes d\u2019informations, donnent des conseils,","breadcrumb":{"@id":"https:\/\/www.objectifasbl.be\/med\/etre-volontaire-chez-nous\/#breadcrumb"},"inLanguage":"fr-BE","potentialAction":[{"@type":"ReadAction","target":["https:\/\/www.objectifasbl.be\/med\/etre-volontaire-chez-nous\/"]}]},{"@type":"BreadcrumbList","@id":"https:\/\/www.objectifasbl.be\/med\/etre-volontaire-chez-nous\/#breadcrumb","itemListElement":[{"@type":"ListItem","position":1,"name":"Accueil","item":"https:\/\/www.objectifasbl.be\/med\/"},{"@type":"ListItem","position":2,"name":"\u00catre volontaire chez nous"}]},{"@type":"WebSite","@id":"https:\/\/www.objectifasbl.be\/med\/#website","url":"https:\/\/www.objectifasbl.be\/med\/","name":"Objectif","description":"Beweging voor gelijke rechten","potentialAction":[{"@type":"SearchAction","target":{"@type":"EntryPoint","urlTemplate":"https:\/\/www.objectifasbl.be\/med\/?s={search_term_string}"},"query-input":"required name=search_term_string"}],"inLanguage":"fr-BE"}]}},"lang":"fr","translations":{"fr":935},"pll_sync_post":[],"_links":{"self":[{"href":"https:\/\/www.objectifasbl.be\/med\/wp-json\/wp\/v2\/pages\/935"}],"collection":[{"href":"https:\/\/www.objectifasbl.be\/med\/wp-json\/wp\/v2\/pages"}],"about":[{"href":"https:\/\/www.objectifasbl.be\/med\/wp-json\/wp\/v2\/types\/page"}],"author":[{"embeddable":true,"href":"https:\/\/www.objectifasbl.be\/med\/wp-json\/wp\/v2\/users\/2"}],"replies":[{"embeddable":true,"href":"https:\/\/www.objectifasbl.be\/med\/wp-json\/wp\/v2\/comments?post=935"}],"version-history":[{"count":2,"href":"https:\/\/www.objectifasbl.be\/med\/wp-json\/wp\/v2\/pages\/935\/revisions"}],"predecessor-version":[{"id":2960,"href":"https:\/\/www.objectifasbl.be\/med\/wp-json\/wp\/v2\/pages\/935\/revisions\/2960"}],"wp:attachment":[{"href":"https:\/\/www.objectifasbl.be\/med\/wp-json\/wp\/v2\/media?parent=935"}],"curies":[{"name":"wp","href":"https:\/\/api.w.org\/{rel}","templated":true}]}}